{"id":1581,"date":"2021-02-19T08:50:22","date_gmt":"2021-02-19T08:50:22","guid":{"rendered":"http:\/\/blog.diamanpartners.com\/staging\/?page_id=1581"},"modified":"2021-02-19T13:56:15","modified_gmt":"2021-02-19T13:56:15","slug":"terms-conditions","status":"publish","type":"page","link":"https:\/\/blog.diamanpartners.com\/staging\/index.php\/terms-conditions\/","title":{"rendered":"TERMS &#038; CONDITIONS"},"content":{"rendered":"\n<p style=\"font-size:24px\"><strong>TERMINI E CONDIZIONI<\/strong><\/p>\n\n\n\n<p>I siti web openphinance.com e app.openphinance.com sono resi disponibili, gestiti e posseduti da Diaman Capital LTD, allo scopo di fornire dimostrazione, pubblicizzare ed erogare i propri servizi. I seguenti termini e condizioni regolano l\u2019uso di questo sito. Il soggetto (di seguito \u201cl\u2019Utente\u201d) che accede e utilizza i siti web e le funzionalit\u00e0 ad essi associate (di seguito indicati complessivamente come \u201cil Sito\u201d), acconsente ai presenti termini e condizioni.<\/p>\n\n\n\n<h3>COPYRIGHT E PROPRIET\u00c0 INTELLETTUALE<\/h3>\n\n\n\n<p>La Societ\u00e0 mantiene il Sito e, salvo diversa indicazione, \u00e8 proprietaria o licenziataria autorizzata di qualsiasi testo, immagine, grafico, fotografia, musica, suono o algoritmo contenuto o facente parte nel Sito, oppure trasmesso all\u2019Utente in via automatica o su sua richiesta. Tutto il materiale contenuto \u00e8, salvo diversa indicazione, protetto dalle vigenti leggi in materia di copyright. I metodi, gli algoritmi, i sistemi di valutazione ed i processi utilizzati dal Sito, rappresentano propriet\u00e0 intellettuale della Societ\u00e0. Il materiale ed i metodi contenuti nel Sito sono resi disponibili per legittimo uso da parte degli Utenti e del pubblico in generale. Tale materiale e metodi non possono essere copiati, ripubblicati, inclusi, trasmessi o distribuiti, n\u00e9 utilizzati per creare materiale derivato o sfruttati in qualsivoglia modo senza il preventivo consenso scritto da parte della Societ\u00e0. In particolare, l\u2019Utente si impegna ad un uso strettamente privato e non commerciale di quanto sopra detto e non potr\u00e0 in alcun modo sfruttarlo per creare o predisporre prodotti o servizi in concorrenza all\u2019attivit\u00e0 della Societ\u00e0.<\/p>\n\n\n\n<h3>COLLEGAMENTI<\/h3>\n\n\n\n<p>Il Sito pu\u00f2 contenere collegamenti a siti web gestiti da terzi che vengono forniti per semplice comodit\u00e0 dell\u2019utente. La Societ\u00e0 non ha alcun controllo su tali siti web n\u00e9 pu\u00f2 influire sul loro contenuto e, quindi, non garantisce e non \u00e8 responsabile dei materiali e delle informazioni in essi contenuti e, in particolare, della correttezza, qualit\u00e0, accuratezza, legalit\u00e0, termini d\u2019uso e privacy policy dei medesimi. Un link a qualsiasi sito web gestito da terzi non implica in alcun modo approvazione o sostegno a tale sito.<\/p>\n\n\n\n<h3>CONFIDENZIALIT\u00c0 DELL\u2019INFORMAZIONE<\/h3>\n\n\n\n<p>La Societ\u00e0 attua ragionevoli misure per garantire la confidenzialit\u00e0 delle informazioni raccolte attraverso il Sito e trasmesse attraverso Internet; tuttavia, evoluzioni inattese della tecnologia possono essere utilizzate da terze parti non autorizzate per accedere a tali informazioni; la Societ\u00e0 non pu\u00f2 quindi essere considerata responsabile nel caso tali informazioni siano intercettate o utilizzate da tali soggetti.<\/p>\n\n\n\n<h3>COMUNICAZIONI ELETTRONICHE<\/h3>\n\n\n\n<p>Il Sito rende disponibili indirizzi mail attraverso i quali l\u2019Utente pu\u00f2 comunicare con il personale della Societ\u00e0; qualsiasi e-mail scambiata attraverso tali indirizzi sar\u00e0 in qualche forma archiviata sui sistemi di gestione della posta utilizzati della Societ\u00e0 e conservata per un tempo ragionevole. E\u2019 responsabilit\u00e0 dell\u2019Utente valutare il contenuto e il grado di riservatezza di tali informazioni e l\u2019opportunit\u00e0 di trasmetterle attraverso tale mezzo.<\/p>\n\n\n\n<h3>CONTENUTO E MATERIALI DISPONIBILI SUL SITO<\/h3>\n\n\n\n<p>Le informazioni e i materiali contenuti nel Sito, inclusi i presenti termini, sono soggetti a cambiamenti senza previa comunicazione. L\u2019Utente \u00e8 responsabile di verificare tali variazioni.<\/p>\n\n\n\n<h3>ACCESSO E INTERFERENZA<\/h3>\n\n\n\n<p>L\u2019Utente acconsente a non intraprendere alcuna delle seguenti azioni:<\/p>\n\n\n\n<ul><li>Fare uso di qualsiasi robot, scraper o altro strumento automatico per accedere, navigare o acquisire informazioni dal Sito.<\/li><li>Trasmettere o inviare qualsiasi file contenente virus, worms, trojan o qualsiasi altro elemento contaminante, distruttivo, o comunque finalizzato ad interferire con il normale e corretto funzionamento del sito o ad intercettare informazioni in transito sul sito stesso.<\/li><li>Tentare di decifrare, decompilare o effettuare reverse engineering di qualsiasi software, algoritmo o metodo componenti o utilizzati dal sito.<\/li><\/ul>\n\n\n\n<p>La violazione di tale condizione pu\u00f2 essere soggetta ad azioni legali.<\/p>\n\n\n\n<h3>AREE PROTETTE<\/h3>\n\n\n\n<p>L\u2019accesso delle aree protette da password \u00e8 riservato agli Utenti autorizzati. Qualsiasi azione da parte di persone non autorizzate di accedere a tali aree pu\u00f2 essere soggetto ad azioni legali.<\/p>\n\n\n\n<h3>PRIVACY<\/h3>\n\n\n\n<p>Per informazioni dettagliate relative alla Privacy Policy si faccia riferimento al documento specifico.<\/p>\n\n\n\n<h3>COMPETENZA<\/h3>\n\n\n\n<p>L\u2019attivit\u00e0 del Sito e i presenti Termini e Condizioni sono soggette alla legge maltese.<\/p>\n\n\n\n<p>Aggiornato al 19 Febbraio 2021<\/p>\n","protected":false},"excerpt":{"rendered":"<p>TERMINI E CONDIZIONI I siti web openphinance.com e app.openphinance.com sono resi disponibili, gestiti e posseduti da Diaman Capital LTD, allo scopo di fornire dimostrazione, pubblicizzare ed erogare i propri servizi. I seguenti termini e condizioni regolano l\u2019uso di questo sito. Il soggetto (di seguito \u201cl\u2019Utente\u201d) che accede e utilizza i siti web e le funzionalit\u00e0 ad essi associate (di seguito indicati complessivamente come \u201cil Sito\u201d), acconsente ai presenti termini e condizioni. COPYRIGHT E PROPRIET\u00c0 INTELLETTUALE La Societ\u00e0 mantiene il Sito &hellip; <a href=\"https:\/\/blog.diamanpartners.com\/staging\/index.php\/terms-conditions\/\" class=\"more-link\">Continue reading<span class=\"screen-reader-text\"> &#8220;TERMS &#038; CONDITIONS&#8221;<\/span><\/a><\/p>\n","protected":false},"author":11,"featured_media":0,"parent":0,"menu_order":0,"comment_status":"closed","ping_status":"closed","template":"","meta":[],"yoast_head":"<!-- This site is optimized with the Yoast SEO plugin v16.3 - https:\/\/yoast.com\/wordpress\/plugins\/seo\/ -->\n<title>TERMS &amp; CONDITIONS -<\/title>\n<meta name=\"robots\" content=\"index, follow, max-snippet:-1, max-image-preview:large, max-video-preview:-1\" \/>\n<link rel=\"canonical\" href=\"https:\/\/blog.diamanpartners.com\/staging\/index.php\/terms-conditions\/\" \/>\n<meta property=\"og:locale\" content=\"it_IT\" \/>\n<meta property=\"og:type\" content=\"article\" \/>\n<meta property=\"og:title\" content=\"TERMS &amp; CONDITIONS -\" \/>\n<meta property=\"og:description\" content=\"TERMINI E CONDIZIONI I siti web openphinance.com e app.openphinance.com sono resi disponibili, gestiti e posseduti da Diaman Capital LTD, allo scopo di fornire dimostrazione, pubblicizzare ed erogare i propri servizi. I seguenti termini e condizioni regolano l\u2019uso di questo sito. Il soggetto (di seguito \u201cl\u2019Utente\u201d) che accede e utilizza i siti web e le funzionalit\u00e0 ad essi associate (di seguito indicati complessivamente come \u201cil Sito\u201d), acconsente ai presenti termini e condizioni. COPYRIGHT E PROPRIET\u00c0 INTELLETTUALE La Societ\u00e0 mantiene il Sito &hellip; Continue reading &quot;TERMS &#038; CONDITIONS&quot;\" \/>\n<meta property=\"og:url\" content=\"https:\/\/blog.diamanpartners.com\/staging\/index.php\/terms-conditions\/\" \/>\n<meta property=\"article:modified_time\" content=\"2021-02-19T13:56:15+00:00\" \/>\n<meta name=\"twitter:card\" content=\"summary_large_image\" \/>\n<meta name=\"twitter:label1\" content=\"Tempo di lettura stimato\">\n\t<meta name=\"twitter:data1\" content=\"3 minuti\">\n<script type=\"application\/ld+json\" class=\"yoast-schema-graph\">{\"@context\":\"https:\/\/schema.org\",\"@graph\":[{\"@type\":\"WebSite\",\"@id\":\"https:\/\/blog.diamanpartners.com\/staging\/#website\",\"url\":\"https:\/\/blog.diamanpartners.com\/staging\/\",\"name\":\"\",\"description\":\"\",\"potentialAction\":[{\"@type\":\"SearchAction\",\"target\":\"https:\/\/blog.diamanpartners.com\/staging\/?s={search_term_string}\",\"query-input\":\"required name=search_term_string\"}],\"inLanguage\":\"it-IT\"},{\"@type\":\"WebPage\",\"@id\":\"https:\/\/blog.diamanpartners.com\/staging\/index.php\/terms-conditions\/#webpage\",\"url\":\"https:\/\/blog.diamanpartners.com\/staging\/index.php\/terms-conditions\/\",\"name\":\"TERMS & CONDITIONS -\",\"isPartOf\":{\"@id\":\"https:\/\/blog.diamanpartners.com\/staging\/#website\"},\"datePublished\":\"2021-02-19T08:50:22+00:00\",\"dateModified\":\"2021-02-19T13:56:15+00:00\",\"breadcrumb\":{\"@id\":\"https:\/\/blog.diamanpartners.com\/staging\/index.php\/terms-conditions\/#breadcrumb\"},\"inLanguage\":\"it-IT\",\"potentialAction\":[{\"@type\":\"ReadAction\",\"target\":[\"https:\/\/blog.diamanpartners.com\/staging\/index.php\/terms-conditions\/\"]}]},{\"@type\":\"BreadcrumbList\",\"@id\":\"https:\/\/blog.diamanpartners.com\/staging\/index.php\/terms-conditions\/#breadcrumb\",\"itemListElement\":[{\"@type\":\"ListItem\",\"position\":1,\"item\":{\"@type\":\"WebPage\",\"@id\":\"https:\/\/blog.diamanpartners.com\/staging\/\",\"url\":\"https:\/\/blog.diamanpartners.com\/staging\/\",\"name\":\"Home\"}},{\"@type\":\"ListItem\",\"position\":2,\"item\":{\"@id\":\"https:\/\/blog.diamanpartners.com\/staging\/index.php\/terms-conditions\/#webpage\"}}]}]}<\/script>\n<!-- \/ Yoast SEO plugin. -->","_links":{"self":[{"href":"https:\/\/blog.diamanpartners.com\/staging\/index.php\/wp-json\/wp\/v2\/pages\/1581"}],"collection":[{"href":"https:\/\/blog.diamanpartners.com\/staging\/index.php\/wp-json\/wp\/v2\/pages"}],"about":[{"href":"https:\/\/blog.diamanpartners.com\/staging\/index.php\/wp-json\/wp\/v2\/types\/page"}],"author":[{"embeddable":true,"href":"https:\/\/blog.diamanpartners.com\/staging\/index.php\/wp-json\/wp\/v2\/users\/11"}],"replies":[{"embeddable":true,"href":"https:\/\/blog.diamanpartners.com\/staging\/index.php\/wp-json\/wp\/v2\/comments?post=1581"}],"version-history":[{"count":7,"href":"https:\/\/blog.diamanpartners.com\/staging\/index.php\/wp-json\/wp\/v2\/pages\/1581\/revisions"}],"predecessor-version":[{"id":1612,"href":"https:\/\/blog.diamanpartners.com\/staging\/index.php\/wp-json\/wp\/v2\/pages\/1581\/revisions\/1612"}],"wp:attachment":[{"href":"https:\/\/blog.diamanpartners.com\/staging\/index.php\/wp-json\/wp\/v2\/media?parent=1581"}],"curies":[{"name":"wp","href":"https:\/\/api.w.org\/{rel}","templated":true}]}}