{"id":2907,"date":"2021-04-16T09:03:46","date_gmt":"2021-04-16T09:03:46","guid":{"rendered":"http:\/\/blog.diamanpartners.com\/staging\/?page_id=2907"},"modified":"2021-05-21T10:38:54","modified_gmt":"2021-05-21T10:38:54","slug":"e-book-gratis","status":"publish","type":"page","link":"http:\/\/blog.diamanpartners.com\/staging\/index.php\/e-book-gratis\/","title":{"rendered":"LIBRO IN FORMATO E-BOOK &#8211; GRATIS"},"content":{"rendered":"\n<div class=\"wp-block-columns\">\n<div class=\"wp-block-column\">\n<div class=\"wp-block-image\"><figure class=\"alignright size-large is-resized\"><img loading=\"lazy\" src=\"http:\/\/blog.diamanpartners.com\/staging\/wp-content\/uploads\/2021\/04\/Investire-in-crypto-currency-COPERTINA-725x1024.jpg\" alt=\"\" class=\"wp-image-2912\" width=\"347\" height=\"489\"\/><\/figure><\/div>\n<\/div>\n\n\n\n<div class=\"wp-block-column\">\n<p><\/p>\n\n\n\n<p class=\"has-text-align-left\">Oggi, in questo contesto di rivoluzione tecnologica globale, le <strong>Crypto <\/strong>stanno guadagnando sempre pi\u00f9 <strong>consensi<\/strong>. Partecipare attivamente a questa rivoluzione pu\u00f2 migliorare notevolmente la vita di chi ci crede ed investe con <strong>intelligenza<\/strong>. Questo libro scritto da Daniele Bernardi CEO di Diaman, offre le <strong>conoscenze <\/strong>necessarie per iniziare ad operare in questo mondo che ad oggi ha una volatilit\u00e0 ancora molto elevata. il punto di vista e l&#8217;esperienza di un <strong>pioniere del settore<\/strong> che da anni opera con le Crypto, non potr\u00e0 altro che facilitarvi la scoperta di questa nuova, grande e reale <strong>opportunit\u00e0 di investimento<\/strong>.<\/p>\n<\/div>\n<\/div>\n\n\n\n<div class=\"wp-block-columns\">\n<div class=\"wp-block-column\"><\/div>\n<\/div>\n\n\n\n<div class=\"wp-block-columns\">\n<div class=\"wp-block-column\"><\/div>\n<\/div>\n\n\n\n<div class=\"wp-block-columns\">\n<div class=\"wp-block-column\">\n<div class=\"wp-block-image\"><figure class=\"aligncenter size-large is-resized\"><img loading=\"lazy\" src=\"http:\/\/blog.diamanpartners.com\/staging\/wp-content\/uploads\/2021\/03\/daniele.jpg\" alt=\"\" class=\"wp-image-2280\" width=\"335\" height=\"401\" srcset=\"http:\/\/blog.diamanpartners.com\/staging\/wp-content\/uploads\/2021\/03\/daniele.jpg 500w, http:\/\/blog.diamanpartners.com\/staging\/wp-content\/uploads\/2021\/03\/daniele-250x300.jpg 250w\" sizes=\"(max-width: 335px) 85vw, 335px\" \/><\/figure><\/div>\n<\/div>\n\n\n\n<div class=\"wp-block-column\">\n<p style=\"font-size:24px\"><strong>L&#8217;AUTORE<\/strong>: <strong>DANIELE BERNARDI<\/strong><\/p>\n\n\n\n<p>Automotive Engineer, <strong>Daniele Bernardi<\/strong> \u00e8 un imprenditore seriale costantemente alla ricerca di innovare il settore della finanza.<\/p>\n\n\n\n<p>Amministratore delegato di DIAMAN Partners, societ\u00e0 di gestione di diritto Maltese, focalizzata sulla gestione di strategie di investimento quantitative, la sua attivit\u00e0 \u00e8 sempre stata orientata allo sviluppo di modelli matematici in grado di semplificare le decisioni di investimento di investitori istituzionali al fine di ridurre il rischio nelle varie fasi di investimento. Autore di alcuni paper accademici pubblicati in varie riviste scientifiche, come il Diaman Ratio e il Return Parity Approach, ha presentato i sui lavori a diverse conferenze accademiche del calibro del Financial Management Association Conference a Denver e Nashville, il World Finance Conference a Shangai, Venezia e New York.<\/p>\n<\/div>\n<\/div>\n\n\n\n<p>Bernardi \u00e8 inoltre presidente di DIAMAN Tech, <a href=\"http:\/\/www.ex-ante.it\">www.ex-ante.it<\/a>, di Crypto Timing Fund (Cayman Island) e risiede come esperto di Blockchain nel comitato investimenti di DIAMAN Partners www.diamanpartners.com con cui ha recentemente realizzato due piattaforme digitali: una per le gestioni patrimoniali multi-advisor con diverse strategie di gestione a favore dei clienti: www.openphinance.com e una piattaforma digitale per la sottoscrizione di fondi Alternativi (AIF, PIF, SIF, ecc\u2026) da parte di clienti istituzionali e professionali chiamata: www.openAIF.com.<\/p>\n\n\n\n<p>Daniele \u00e8 stato insignito della qualifica di inventore dall\u2019ufficio Europeo dei brevetti per la paternit\u00e0 di un brevetto Europeo e Russo relativo al mobile Payment.<\/p>\n\n\n\n<div class=\"wp-block-columns\">\n<div class=\"wp-block-column\"><\/div>\n<\/div>\n\n\n\n<p class=\"has-medium-font-size\"><strong>Compila il Form per ricevere gratuitamente l&#8217;E-book!<\/strong><\/p>\n\n\n\n<div class=\"forminator-guttenberg\"><div class=\"forminator-ui forminator-custom-form forminator-custom-form-2909 forminator-design--default  forminator_ajax\" data-forminator-render=\"0\" data-form=\"forminator-module-2909\"><br\/><\/div><form\n\t\t\t\tid=\"forminator-module-2909\"\n\t\t\t\tclass=\"forminator-ui forminator-custom-form forminator-custom-form-2909 forminator-design--default  forminator_ajax\"\n\t\t\t\tmethod=\"post\"\n\t\t\t\tdata-forminator-render=\"0\"\n\t\t\t\tdata-form-id=\"2909\"\n\t\t\t\t\n\t\t\t\tdata-design=\"default\"\n\t\t\t\t\n\t\t\t\t\n\t\t\t\t\n\t\t\t\tdata-grid=\"open\"\n\t\t\t\t\n\t\t\t\t\n\t\t\t\tstyle=\"display: none;\"\n\t\t\t><div class=\"forminator-response-message forminator-error\" aria-hidden=\"true\"><\/div><div class=\"forminator-row\"><div id=\"name-1\" class=\"forminator-col forminator-col-6 \"><div class=\"forminator-field\"><label for=\"forminator-field-name-1\" class=\"forminator-label\">Nome <span class=\"forminator-required\">*<\/span><\/label><input type=\"text\" name=\"name-1\" value=\"\" placeholder=\"Mario..\" id=\"forminator-field-name-1\" class=\"forminator-input forminator-name--field\" aria-required=\"true\" \/><\/div><\/div><div id=\"name-2\" class=\"forminator-col forminator-col-6 \"><div class=\"forminator-field\"><label for=\"forminator-field-name-2\" class=\"forminator-label\">Cognome <span class=\"forminator-required\">*<\/span><\/label><input type=\"text\" name=\"name-2\" value=\"\" placeholder=\"E.g. John Doe\" id=\"forminator-field-name-2\" class=\"forminator-input forminator-name--field\" aria-required=\"true\" \/><\/div><\/div><\/div><div class=\"forminator-row\"><div id=\"email-1\" class=\"forminator-col forminator-col-12 \"><div class=\"forminator-field\"><label for=\"forminator-field-email-1\" class=\"forminator-label\">Email <span class=\"forminator-required\">*<\/span><\/label><input type=\"email\" name=\"email-1\" value=\"\" placeholder=\"mariorossi@...\" id=\"forminator-field-email-1\" class=\"forminator-input forminator-email--field\" data-required=\"true\" aria-required=\"true\" \/><\/div><\/div><\/div><div class=\"forminator-row\"><div id=\"phone-1\" class=\"forminator-col forminator-col-12 \"><div class=\"forminator-field\"><label for=\"forminator-field-phone-1\" class=\"forminator-label\">Cell. <span class=\"forminator-required\">*<\/span><\/label><input type=\"text\" name=\"phone-1\" value=\"\" placeholder=\"Es. +39 339 400 50 00\" id=\"forminator-field-phone-1\" class=\"forminator-input forminator-field--phone\" data-required=\"1\" aria-required=\"true\" autocomplete=\"off\" data-national_mode=\"enabled\" data-country=\"IT\" data-validation=\"standard\" \/><\/div><\/div><\/div><div class=\"forminator-row\"><div id=\"textarea-1\" class=\"forminator-col forminator-col-12 \"><div class=\"forminator-field\"><label for=\"forminator-field-textarea-1\" class=\"forminator-label\">Message<\/label><textarea name=\"textarea-1\" placeholder=\"Enter your message...\" id=\"forminator-field-textarea-1\" class=\"forminator-textarea\" rows=\"6\" style=\"min-height:140px;\" maxlength=\"180\" ><\/textarea><span class=\"forminator-description\"><span data-limit=\"180\" data-type=\"characters\">0 \/ 180<\/span><\/span><\/div><\/div><\/div><div class=\"forminator-row\"><div id=\"checkbox-1\" class=\"forminator-col forminator-col-12 \"><div class=\"forminator-field\"><label class=\"forminator-label\">Acconsento a ricevere mail informative da info@blog.diamanpartners.com <span class=\"forminator-required\">*<\/span><\/label><label for=\"forminator-field-checkbox-1-1-69d2cb4c89ddf\" class=\"forminator-checkbox\"><input type=\"checkbox\" name=\"checkbox-1[]\" value=\"si\" id=\"forminator-field-checkbox-1-1-69d2cb4c89ddf\" data-calculation=\"0\"  \/><span aria-hidden=\"true\"><\/span><span>Si<\/span><\/label><\/div><\/div><\/div><input type=\"hidden\" name=\"referer_url\" value=\"\" \/><div class=\"forminator-row forminator-row-last\"><div class=\"forminator-col\"><div class=\"forminator-field\"><span class=\"forminator-screen-reader-only\" role=\"note\">This form will redirect you to another page once submitted.<\/span><button class=\"forminator-button forminator-button-submit\">INVIA I TUOI DATI<\/button><\/div><\/div><\/div><input type=\"hidden\" id=\"forminator_nonce\" name=\"forminator_nonce\" value=\"f68bb773aa\" \/><input type=\"hidden\" name=\"_wp_http_referer\" value=\"\/staging\/index.php\/wp-json\/wp\/v2\/pages\/2907\" \/><input type=\"hidden\" name=\"form_id\" value=\"2909\"><input type=\"hidden\" name=\"page_id\" value=\"2907\"><input type=\"hidden\" name=\"form_type\" value=\"default\"><input type=\"hidden\" name=\"current_url\" value=\"http:\/\/blog.diamanpartners.com\/staging\/wp-json\/wp\/v2\/pages\/2907\/\"><input type=\"hidden\" name=\"render_id\" value=\"0\"><input type=\"hidden\" name=\"action\" value=\"forminator_submit_form_custom-forms\"><\/form><\/div>\n\n\n\n<p><\/p>\n","protected":false},"excerpt":{"rendered":"<p>Oggi, in questo contesto di rivoluzione tecnologica globale, le Crypto stanno guadagnando sempre pi\u00f9 consensi. Partecipare attivamente a questa rivoluzione pu\u00f2 migliorare notevolmente la vita di chi ci crede ed investe con intelligenza. Questo libro scritto da Daniele Bernardi CEO di Diaman, offre le conoscenze necessarie per iniziare ad operare in questo mondo che ad oggi ha una volatilit\u00e0 ancora molto elevata. il punto di vista e l&#8217;esperienza di un pioniere del settore che da anni opera con le Crypto, &hellip; <a href=\"http:\/\/blog.diamanpartners.com\/staging\/index.php\/e-book-gratis\/\" class=\"more-link\">Continue reading<span class=\"screen-reader-text\"> &#8220;LIBRO IN FORMATO E-BOOK &#8211; GRATIS&#8221;<\/span><\/a><\/p>\n","protected":false},"author":11,"featured_media":0,"parent":0,"menu_order":0,"comment_status":"closed","ping_status":"closed","template":"","meta":[],"yoast_head":"<!-- This site is optimized with the Yoast SEO plugin v16.3 - https:\/\/yoast.com\/wordpress\/plugins\/seo\/ -->\n<title>LIBRO IN FORMATO E-BOOK - GRATIS -<\/title>\n<meta name=\"robots\" content=\"index, follow, max-snippet:-1, max-image-preview:large, max-video-preview:-1\" \/>\n<link rel=\"canonical\" href=\"http:\/\/blog.diamanpartners.com\/staging\/index.php\/e-book-gratis\/\" \/>\n<meta property=\"og:locale\" content=\"it_IT\" \/>\n<meta property=\"og:type\" content=\"article\" \/>\n<meta property=\"og:title\" content=\"LIBRO IN FORMATO E-BOOK - GRATIS -\" \/>\n<meta property=\"og:description\" content=\"Oggi, in questo contesto di rivoluzione tecnologica globale, le Crypto stanno guadagnando sempre pi\u00f9 consensi. Partecipare attivamente a questa rivoluzione pu\u00f2 migliorare notevolmente la vita di chi ci crede ed investe con intelligenza. Questo libro scritto da Daniele Bernardi CEO di Diaman, offre le conoscenze necessarie per iniziare ad operare in questo mondo che ad oggi ha una volatilit\u00e0 ancora molto elevata. il punto di vista e l&#8217;esperienza di un pioniere del settore che da anni opera con le Crypto, &hellip; Continue reading &quot;LIBRO IN FORMATO E-BOOK &#8211; GRATIS&quot;\" \/>\n<meta property=\"og:url\" content=\"http:\/\/blog.diamanpartners.com\/staging\/index.php\/e-book-gratis\/\" \/>\n<meta property=\"article:modified_time\" content=\"2021-05-21T10:38:54+00:00\" \/>\n<meta property=\"og:image\" content=\"http:\/\/blog.diamanpartners.com\/staging\/wp-content\/uploads\/2021\/04\/Investire-in-crypto-currency-COPERTINA-725x1024.jpg\" \/>\n<meta name=\"twitter:card\" content=\"summary_large_image\" \/>\n<meta name=\"twitter:label1\" content=\"Tempo di lettura stimato\">\n\t<meta name=\"twitter:data1\" content=\"2 minuti\">\n<script type=\"application\/ld+json\" class=\"yoast-schema-graph\">{\"@context\":\"https:\/\/schema.org\",\"@graph\":[{\"@type\":\"WebSite\",\"@id\":\"https:\/\/blog.diamanpartners.com\/staging\/#website\",\"url\":\"https:\/\/blog.diamanpartners.com\/staging\/\",\"name\":\"\",\"description\":\"\",\"potentialAction\":[{\"@type\":\"SearchAction\",\"target\":\"https:\/\/blog.diamanpartners.com\/staging\/?s={search_term_string}\",\"query-input\":\"required name=search_term_string\"}],\"inLanguage\":\"it-IT\"},{\"@type\":\"ImageObject\",\"@id\":\"http:\/\/blog.diamanpartners.com\/staging\/index.php\/e-book-gratis\/#primaryimage\",\"inLanguage\":\"it-IT\",\"url\":\"http:\/\/blog.diamanpartners.com\/staging\/wp-content\/uploads\/2021\/04\/Investire-in-crypto-currency-COPERTINA.jpg\",\"contentUrl\":\"http:\/\/blog.diamanpartners.com\/staging\/wp-content\/uploads\/2021\/04\/Investire-in-crypto-currency-COPERTINA.jpg\",\"width\":1200,\"height\":1696},{\"@type\":\"WebPage\",\"@id\":\"http:\/\/blog.diamanpartners.com\/staging\/index.php\/e-book-gratis\/#webpage\",\"url\":\"http:\/\/blog.diamanpartners.com\/staging\/index.php\/e-book-gratis\/\",\"name\":\"LIBRO IN FORMATO E-BOOK - GRATIS -\",\"isPartOf\":{\"@id\":\"https:\/\/blog.diamanpartners.com\/staging\/#website\"},\"primaryImageOfPage\":{\"@id\":\"http:\/\/blog.diamanpartners.com\/staging\/index.php\/e-book-gratis\/#primaryimage\"},\"datePublished\":\"2021-04-16T09:03:46+00:00\",\"dateModified\":\"2021-05-21T10:38:54+00:00\",\"breadcrumb\":{\"@id\":\"http:\/\/blog.diamanpartners.com\/staging\/index.php\/e-book-gratis\/#breadcrumb\"},\"inLanguage\":\"it-IT\",\"potentialAction\":[{\"@type\":\"ReadAction\",\"target\":[\"http:\/\/blog.diamanpartners.com\/staging\/index.php\/e-book-gratis\/\"]}]},{\"@type\":\"BreadcrumbList\",\"@id\":\"http:\/\/blog.diamanpartners.com\/staging\/index.php\/e-book-gratis\/#breadcrumb\",\"itemListElement\":[{\"@type\":\"ListItem\",\"position\":1,\"item\":{\"@type\":\"WebPage\",\"@id\":\"https:\/\/blog.diamanpartners.com\/staging\/\",\"url\":\"https:\/\/blog.diamanpartners.com\/staging\/\",\"name\":\"Home\"}},{\"@type\":\"ListItem\",\"position\":2,\"item\":{\"@id\":\"http:\/\/blog.diamanpartners.com\/staging\/index.php\/e-book-gratis\/#webpage\"}}]}]}<\/script>\n<!-- \/ Yoast SEO plugin. -->","_links":{"self":[{"href":"http:\/\/blog.diamanpartners.com\/staging\/index.php\/wp-json\/wp\/v2\/pages\/2907"}],"collection":[{"href":"http:\/\/blog.diamanpartners.com\/staging\/index.php\/wp-json\/wp\/v2\/pages"}],"about":[{"href":"http:\/\/blog.diamanpartners.com\/staging\/index.php\/wp-json\/wp\/v2\/types\/page"}],"author":[{"embeddable":true,"href":"http:\/\/blog.diamanpartners.com\/staging\/index.php\/wp-json\/wp\/v2\/users\/11"}],"replies":[{"embeddable":true,"href":"http:\/\/blog.diamanpartners.com\/staging\/index.php\/wp-json\/wp\/v2\/comments?post=2907"}],"version-history":[{"count":16,"href":"http:\/\/blog.diamanpartners.com\/staging\/index.php\/wp-json\/wp\/v2\/pages\/2907\/revisions"}],"predecessor-version":[{"id":3640,"href":"http:\/\/blog.diamanpartners.com\/staging\/index.php\/wp-json\/wp\/v2\/pages\/2907\/revisions\/3640"}],"wp:attachment":[{"href":"http:\/\/blog.diamanpartners.com\/staging\/index.php\/wp-json\/wp\/v2\/media?parent=2907"}],"curies":[{"name":"wp","href":"https:\/\/api.w.org\/{rel}","templated":true}]}}